{"id":1600,"date":"2021-04-02T12:34:24","date_gmt":"2021-04-02T12:34:24","guid":{"rendered":"https:\/\/soussolsexperts.com\/joignez-nous\/"},"modified":"2025-08-09T21:52:22","modified_gmt":"2025-08-09T21:52:22","slug":"joignez-nous","status":"publish","type":"page","link":"https:\/\/soussolsexperts.com\/fr\/joignez-nous\/","title":{"rendered":"Contactez nous"},"content":{"rendered":"<p>[et_pb_section fb_built=\u00a0\u00bb1&Prime; fullwidth=\u00a0\u00bbon\u00a0\u00bb _builder_version=\u00a0\u00bb4.16&Prime; _module_preset=\u00a0\u00bbdefault\u00a0\u00bb global_colors_info=\u00a0\u00bb{}\u00a0\u00bb][et_pb_fullwidth_image src=\u00a0\u00bbhttps:\/\/soussolsexperts.com\/wp-content\/uploads\/2024\/05\/sous-sols-experts-entrepreneur-general-montreal.webp\u00a0\u00bb title_text=\u00a0\u00bbsous-sols-experts-entrepreneur-general-montreal\u00a0\u00bb _builder_version=\u00a0\u00bb4.27.4&Prime; _module_preset=\u00a0\u00bbdefault\u00a0\u00bb global_colors_info=\u00a0\u00bb{}\u00a0\u00bb][\/et_pb_fullwidth_image][\/et_pb_section][et_pb_section fb_built=\u00a0\u00bb1&Prime; custom_padding_last_edited=\u00a0\u00bbon|desktop\u00a0\u00bb _builder_version=\u00a0\u00bb4.24.1&Prime; _module_preset=\u00a0\u00bbdefault\u00a0\u00bb background_color=\u00a0\u00bb#FFFFFF\u00a0\u00bb background_image=\u00a0\u00bbhttps:\/\/soussolsexperts.com\/wp-content\/uploads\/2021\/02\/stripes-light.png\u00a0\u00bb background_size=\u00a0\u00bbinitial\u00a0\u00bb background_position=\u00a0\u00bbtop_center\u00a0\u00bb background_repeat=\u00a0\u00bbrepeat\u00a0\u00bb background_blend=\u00a0\u00bbmultiply\u00a0\u00bb min_height_tablet=\u00a0\u00bb\u00a0\u00bb min_height_phone=\u00a0\u00bb\u00a0\u00bb min_height_last_edited=\u00a0\u00bbon|desktop\u00a0\u00bb custom_margin=\u00a0\u00bb||||false|false\u00a0\u00bb custom_padding=\u00a0\u00bb35px||35px|50px|true|false\u00a0\u00bb custom_padding_tablet=\u00a0\u00bb|35px||35px|false|true\u00a0\u00bb custom_padding_phone=\u00a0\u00bb35px|25px|35px|25px|true|true\u00a0\u00bb custom_css_main_element=\u00a0\u00bbmargin: auto;\u00a0\u00bb border_color_bottom=\u00a0\u00bb#ec5838&Prime; global_colors_info=\u00a0\u00bb{}\u00a0\u00bb][et_pb_row use_custom_gutter=\u00a0\u00bbon\u00a0\u00bb make_equal=\u00a0\u00bbon\u00a0\u00bb _builder_version=\u00a0\u00bb4.16&Prime; _module_preset=\u00a0\u00bbdefault\u00a0\u00bb width=\u00a0\u00bb100%\u00a0\u00bb max_width=\u00a0\u00bb2560px\u00a0\u00bb height=\u00a0\u00bb100%\u00a0\u00bb custom_padding=\u00a0\u00bb0px||0px||false|false\u00a0\u00bb custom_css_main_element=\u00a0\u00bbalign-items: center;\u00a0\u00bb global_colors_info=\u00a0\u00bb{}\u00a0\u00bb][et_pb_column type=\u00a0\u00bb4_4&Prime; _builder_version=\u00a0\u00bb4.16&Prime; _module_preset=\u00a0\u00bbdefault\u00a0\u00bb custom_padding=\u00a0\u00bb|25px|||false|false\u00a0\u00bb global_colors_info=\u00a0\u00bb{}\u00a0\u00bb][et_pb_text _builder_version=\u00a0\u00bb4.24.1&Prime; _module_preset=\u00a0\u00bbdefault\u00a0\u00bb header_font=\u00a0\u00bbMartel Sans|800|||||||\u00a0\u00bb header_text_color=\u00a0\u00bb#000000&Prime; header_font_size=\u00a0\u00bb42px\u00a0\u00bb header_letter_spacing=\u00a0\u00bb-0.02em\u00a0\u00bb header_line_height=\u00a0\u00bb1.3em\u00a0\u00bb header_font_size_tablet=\u00a0\u00bb42px\u00a0\u00bb header_font_size_phone=\u00a0\u00bb32px\u00a0\u00bb header_font_size_last_edited=\u00a0\u00bbon|phone\u00a0\u00bb global_colors_info=\u00a0\u00bb{}\u00a0\u00bb]<\/p>\n<h1>Contactez les experts de Sous-Sols<\/h1>\n<p>[\/et_pb_text][\/et_pb_column][\/et_pb_row][et_pb_row column_structure=\u00a0\u00bb2_3,1_3&Prime; _builder_version=\u00a0\u00bb4.24.1&Prime; _module_preset=\u00a0\u00bbdefault\u00a0\u00bb width=\u00a0\u00bb100%\u00a0\u00bb max_width=\u00a0\u00bb2560px\u00a0\u00bb global_colors_info=\u00a0\u00bb{}\u00a0\u00bb][et_pb_column type=\u00a0\u00bb2_3&Prime; _builder_version=\u00a0\u00bb4.24.1&Prime; _module_preset=\u00a0\u00bbdefault\u00a0\u00bb global_colors_info=\u00a0\u00bb{}\u00a0\u00bb][et_pb_text _builder_version=\u00a0\u00bb4.24.1&Prime; _module_preset=\u00a0\u00bbdefault\u00a0\u00bb text_letter_spacing=\u00a0\u00bb-0.02em\u00a0\u00bb text_line_height=\u00a0\u00bb1.6em\u00a0\u00bb global_colors_info=\u00a0\u00bb{}\u00a0\u00bb]<\/p>\n<p><span>Chez Sous-Sols Experts, nous nous engageons \u00e0 fournir des solutions in\u00e9gal\u00e9es en mati\u00e8re de fondations, de b\u00e9ton et d&rsquo;imperm\u00e9abilisation, adapt\u00e9es aux besoins uniques de chaque maison \u00e0 Montr\u00e9al, dans l&rsquo;Ouest-de-l&rsquo;\u00cele, sur la Rive-Sud et \u00e0 Laval. Notre \u00e9quipe d&rsquo;experts certifi\u00e9s est l\u00e0 pour s&rsquo;assurer que votre maison r\u00e9siste aux \u00e9l\u00e9ments gr\u00e2ce \u00e0 des mat\u00e9riaux de pointe et des techniques innovantes.<\/span><\/p>\n<p>[\/et_pb_text][et_pb_text _builder_version=\u00a0\u00bb4.24.1&Prime; _module_preset=\u00a0\u00bbdefault\u00a0\u00bb text_letter_spacing=\u00a0\u00bb-0.02em\u00a0\u00bb text_line_height=\u00a0\u00bb1.6em\u00a0\u00bb global_colors_info=\u00a0\u00bb{}\u00a0\u00bb]<\/p>\n<h3>Pourquoi nous choisir ?<\/h3>\n<ul>\n<li><strong>Expertise certifi\u00e9e :<\/strong> Enti\u00e8rement licenci\u00e9 et assur\u00e9, reconnu par la R\u00e9gie du B\u00e2timent du Qu\u00e9bec (RBQ# 5668-8765-01).<\/li>\n<li><strong>Mat\u00e9riaux de qualit\u00e9 :<\/strong> Nous n&rsquo;utilisons que les meilleurs mat\u00e9riaux, comme les membranes SOPREMA et les polym\u00e8res de ciment MAPEI, pour garantir des r\u00e9sultats durables.<\/li>\n<li><strong>Pas de retour en arri\u00e8re :<\/strong> Nos r\u00e9sultats parlent d&rsquo;eux-m\u00eames, avec une solide histoire de clients satisfaits et de solutions durables.<\/li>\n<\/ul>\n<p>[\/et_pb_text][\/et_pb_column][et_pb_column type=\u00a0\u00bb1_3&Prime; _builder_version=\u00a0\u00bb4.24.1&Prime; _module_preset=\u00a0\u00bbdefault\u00a0\u00bb global_colors_info=\u00a0\u00bb{}\u00a0\u00bb][et_pb_text _builder_version=\u00a0\u00bb4.27.4&Prime; _module_preset=\u00a0\u00bbdefault\u00a0\u00bb text_letter_spacing=\u00a0\u00bb-0.02em\u00a0\u00bb text_line_height=\u00a0\u00bb1.6em\u00a0\u00bb link_font=\u00a0\u00bb|700|||||||\u00a0\u00bb link_text_color=\u00a0\u00bb#ec5838&Prime; hover_enabled=\u00a0\u00bb0&Prime; global_colors_info=\u00a0\u00bb{}\u00a0\u00bb sticky_enabled=\u00a0\u00bb0&Prime;]<\/p>\n<h3>Si\u00e8ge social<\/h3>\n<p><strong>Sous-Sols Expert Inc.<\/strong><br \/>\n9049, Maritain<br \/>\nMontr\u00e9al, Qu\u00e9bec<br \/>\nH1R3J4<\/p>\n<p><span style=\"font-size: x-large;\"><br \/>\n<a href=\"tel:15149795425\">+1 (514) 979-5425<\/a><\/span><\/p>\n<p>info@soussolsexperts.com[\/et_pb_text][\/et_pb_column][\/et_pb_row][\/et_pb_section][et_pb_section fb_built=\u00a0\u00bb1&Prime; custom_padding_last_edited=\u00a0\u00bbon|phone\u00a0\u00bb _builder_version=\u00a0\u00bb4.24.1&Prime; _module_preset=\u00a0\u00bbdefault\u00a0\u00bb background_color=\u00a0\u00bb#333333&Prime; use_background_color_gradient=\u00a0\u00bbon\u00a0\u00bb background_color_gradient_type=\u00a0\u00bbcircular\u00a0\u00bb background_color_gradient_stops=\u00a0\u00bbrgba(12,113,195,0.8) 0%|#0251b1 92%\u00a0\u00bb background_color_gradient_overlays_image=\u00a0\u00bbon\u00a0\u00bb background_color_gradient_start=\u00a0\u00bbrgba(12,113,195,0.8)\u00a0\u00bb background_color_gradient_end=\u00a0\u00bb#0251b1&Prime; background_color_gradient_end_position=\u00a0\u00bb92%\u00a0\u00bb background_image=\u00a0\u00bbhttps:\/\/soussolsexperts.com\/wp-content\/uploads\/2021\/02\/stripes-light.png\u00a0\u00bb background_size=\u00a0\u00bbinitial\u00a0\u00bb background_position=\u00a0\u00bbtop_center\u00a0\u00bb background_repeat=\u00a0\u00bbrepeat\u00a0\u00bb background_blend=\u00a0\u00bbmultiply\u00a0\u00bb min_height_tablet=\u00a0\u00bb\u00a0\u00bb min_height_phone=\u00a0\u00bb\u00a0\u00bb min_height_last_edited=\u00a0\u00bbon|desktop\u00a0\u00bb custom_margin=\u00a0\u00bb0px|0px|0px|0px|true|true\u00a0\u00bb custom_padding=\u00a0\u00bb0px|0px|0px|0px|true|true\u00a0\u00bb custom_padding_tablet=\u00a0\u00bb\u00a0\u00bb custom_padding_phone=\u00a0\u00bb0px||0px|0px|false|false\u00a0\u00bb custom_css_main_element=\u00a0\u00bbmargin: auto;\u00a0\u00bb border_color_bottom=\u00a0\u00bb#ec5838&Prime; global_colors_info=\u00a0\u00bb{}\u00a0\u00bb][et_pb_row use_custom_gutter=\u00a0\u00bbon\u00a0\u00bb gutter_width=\u00a0\u00bb1&Prime; _builder_version=\u00a0\u00bb4.24.1&Prime; _module_preset=\u00a0\u00bbdefault\u00a0\u00bb width=\u00a0\u00bb100%\u00a0\u00bb max_width=\u00a0\u00bb2560px\u00a0\u00bb height=\u00a0\u00bb100%\u00a0\u00bb custom_padding=\u00a0\u00bb0px||0px||false|false\u00a0\u00bb custom_css_main_element=\u00a0\u00bbalign-items: center;\u00a0\u00bb global_colors_info=\u00a0\u00bb{}\u00a0\u00bb][et_pb_column type=\u00a0\u00bb4_4&Prime; _builder_version=\u00a0\u00bb4.24.1&Prime; _module_preset=\u00a0\u00bbdefault\u00a0\u00bb custom_padding=\u00a0\u00bb||||false|false\u00a0\u00bb global_colors_info=\u00a0\u00bb{}\u00a0\u00bb][et_pb_video src=\u00a0\u00bbhttps:\/\/soussolsexperts.com\/wp-content\/uploads\/2021\/03\/Video.mov\u00a0\u00bb _builder_version=\u00a0\u00bb4.24.1&Prime; _module_preset=\u00a0\u00bbdefault\u00a0\u00bb custom_padding=\u00a0\u00bb0px|0px|0px|0px|true|true\u00a0\u00bb border_radii=\u00a0\u00bboff||||\u00a0\u00bb box_shadow_style=\u00a0\u00bbpreset1&Prime; global_colors_info=\u00a0\u00bb{}\u00a0\u00bb][\/et_pb_video][\/et_pb_column][\/et_pb_row][\/et_pb_section][et_pb_section fb_built=\u00a0\u00bb1&Prime; disabled_on=\u00a0\u00bboff|off|off\u00a0\u00bb module_id=\u00a0\u00bbraq\u00a0\u00bb _builder_version=\u00a0\u00bb4.27.4&Prime; _module_preset=\u00a0\u00bbdefault\u00a0\u00bb use_background_color_gradient=\u00a0\u00bbon\u00a0\u00bb background_color_gradient_direction=\u00a0\u00bb45deg\u00a0\u00bb background_color_gradient_stops=\u00a0\u00bb#ffffff 61%|#ec5c35 100%\u00a0\u00bb background_enable_image=\u00a0\u00bboff\u00a0\u00bb background_enable_pattern_style=\u00a0\u00bbon\u00a0\u00bb background_pattern_style=\u00a0\u00bbdiagonal-stripes-2&Prime; background_pattern_color=\u00a0\u00bbrgba(236,92,53,0.08)\u00a0\u00bb custom_padding=\u00a0\u00bb5%||5%||true|false\u00a0\u00bb global_module=\u00a0\u00bb3115&Prime; saved_tabs=\u00a0\u00bball\u00a0\u00bb global_colors_info=\u00a0\u00bb{}\u00a0\u00bb][et_pb_row column_structure=\u00a0\u00bb2_5,3_5&Prime; _builder_version=\u00a0\u00bb4.27.4&Prime; _module_preset=\u00a0\u00bbdefault\u00a0\u00bb custom_padding=\u00a0\u00bb||||false|false\u00a0\u00bb global_colors_info=\u00a0\u00bb{}\u00a0\u00bb][et_pb_column type=\u00a0\u00bb2_5&Prime; _builder_version=\u00a0\u00bb4.27.4&Prime; _module_preset=\u00a0\u00bbdefault\u00a0\u00bb global_colors_info=\u00a0\u00bb{}\u00a0\u00bb][et_pb_text _builder_version=\u00a0\u00bb4.27.4&Prime; _module_preset=\u00a0\u00bbdefault\u00a0\u00bb text_font=\u00a0\u00bb|600|||||||\u00a0\u00bb text_text_color=\u00a0\u00bb#121212&Prime; text_font_size=\u00a0\u00bb18px\u00a0\u00bb text_letter_spacing=\u00a0\u00bb-0.02em\u00a0\u00bb header_font=\u00a0\u00bb|800|||||||\u00a0\u00bb header_text_color=\u00a0\u00bb#FFFFFF\u00a0\u00bb header_font_size=\u00a0\u00bb42px\u00a0\u00bb header_letter_spacing=\u00a0\u00bb-0.02em\u00a0\u00bb header_2_font=\u00a0\u00bb|700|||||||\u00a0\u00bb header_2_text_color=\u00a0\u00bb#000000&Prime; header_2_font_size=\u00a0\u00bb36px\u00a0\u00bb header_2_letter_spacing=\u00a0\u00bb-0.02em\u00a0\u00bb header_2_line_height=\u00a0\u00bb1.3em\u00a0\u00bb custom_margin=\u00a0\u00bb||35px||false|false\u00a0\u00bb global_colors_info=\u00a0\u00bb{}\u00a0\u00bb]<\/p>\n<h2>Obtenir une soumission gratuite<\/h2>\n<p>Compl\u00e9tez ce formulaire rapide pour recevoir votre devis gratuit sous 24 heures.<\/p>\n<p>[\/et_pb_text][et_pb_image src=\u00a0\u00bbhttps:\/\/soussolsexperts.com\/wp-content\/uploads\/2024\/05\/need-a-quote-sous-sols-experts.webp\u00a0\u00bb title_text=\u00a0\u00bbbesoin d&apos;un devis-sous-sols-experts\u00a0\u00bb show_bottom_space=\u00a0\u00bboff\u00a0\u00bb _builder_version=\u00a0\u00bb4.27.4&Prime; _module_preset=\u00a0\u00bbdefault\u00a0\u00bb custom_margin=\u00a0\u00bb||25px||false|false\u00a0\u00bb custom_padding=\u00a0\u00bb||||false|false\u00a0\u00bb filter_saturate=\u00a0\u00bb0%\u00a0\u00bb filter_sepia=\u00a0\u00bb15%\u00a0\u00bb border_radii=\u00a0\u00bboff|8px|8px||\u00a0\u00bb global_colors_info=\u00a0\u00bb{}\u00a0\u00bb][\/et_pb_image][\/et_pb_column][et_pb_column type=\u00a0\u00bb3_5&Prime; _builder_version=\u00a0\u00bb4.27.4&Prime; _module_preset=\u00a0\u00bbdefault\u00a0\u00bb global_colors_info=\u00a0\u00bb{}\u00a0\u00bb][dsm_contact_form_7 cf7_library=\u00a0\u00bb3095&Prime; label_bottom_spacing=\u00a0\u00bb0px\u00a0\u00bb button_alignment=\u00a0\u00bbright\u00a0\u00bb _builder_version=\u00a0\u00bb4.27.4&Prime; _module_preset=\u00a0\u00bbdefault\u00a0\u00bb labels_font=\u00a0\u00bb|600|||||||\u00a0\u00bb labels_text_color=\u00a0\u00bb#121212&Prime; labels_font_size=\u00a0\u00bb18px\u00a0\u00bb labels_letter_spacing=\u00a0\u00bb0.01em\u00a0\u00bb input_textarea_select_font=\u00a0\u00bb|700|||||||\u00a0\u00bb input_textarea_select_text_align=\u00a0\u00bbleft\u00a0\u00bb input_textarea_select_text_color=\u00a0\u00bb#121212&Prime; input_textarea_select_font_size=\u00a0\u00bb18px\u00a0\u00bb input_textarea_select_letter_spacing=\u00a0\u00bb0.01em\u00a0\u00bb placeholder_font=\u00a0\u00bb|700|||||||\u00a0\u00bb placeholder_text_color=\u00a0\u00bb#121212&Prime; placeholder_font_size=\u00a0\u00bb18px\u00a0\u00bb placeholder_letter_spacing=\u00a0\u00bb0.01em\u00a0\u00bb radio_checkbox_font=\u00a0\u00bb|600|||||||\u00a0\u00bb radio_checkbox_text_color=\u00a0\u00bb#121212&Prime; radio_checkbox_font_size=\u00a0\u00bb18px\u00a0\u00bb radio_checkbox_letter_spacing=\u00a0\u00bb0.01em\u00a0\u00bb custom_button_one=\u00a0\u00bbon\u00a0\u00bb button_one_text_color=\u00a0\u00bb#FFFFFF\u00a0\u00bb button_one_bg_use_color_gradient=\u00a0\u00bbon\u00a0\u00bb button_one_bg_color_gradient_stops=\u00a0\u00bb#0c71c3 0%|#012e77 100%\u00a0\u00bb button_one_bg_color_gradient_start=\u00a0\u00bb#0c71c3&Prime; button_one_bg_color_gradient_end=\u00a0\u00bb#012e77&Prime; button_one_border_width=\u00a0\u00bb0px\u00a0\u00bb button_one_icon=\u00a0\u00bb&#x5a;||divi||400&Prime; button_one_icon_placement=\u00a0\u00bbleft\u00a0\u00bb button_one_on_hover=\u00a0\u00bboff\u00a0\u00bb button_one_custom_margin=\u00a0\u00bb8px||||false|false\u00a0\u00bb button_one_custom_padding=\u00a0\u00bb12px|21px|12px|42px|false|false\u00a0\u00bb custom_padding=\u00a0\u00bb||5%||false|false\u00a0\u00bb custom_css_main_element=\u00a0\u00bbfont-size: 1.1rem;||line-height: 1.6rem;\u00a0\u00bb border_width_right_image=\u00a0\u00bb1px\u00a0\u00bb border_color_right_image=\u00a0\u00bb#000000&Prime; border_width_bottom_image=\u00a0\u00bb2px\u00a0\u00bb border_color_bottom_image=\u00a0\u00bb#000000&Prime; global_colors_info=\u00a0\u00bb{}\u00a0\u00bb][\/dsm_contact_form_7][\/et_pb_column][\/et_pb_row][\/et_pb_section]<\/p>\n","protected":false},"excerpt":{"rendered":"<p>Contactez les experts de Sous-SolsChez Sous-Sols Experts, nous nous engageons \u00e0 fournir des solutions in\u00e9gal\u00e9es en mati\u00e8re de fondations, de b\u00e9ton et d&rsquo;imperm\u00e9abilisation, adapt\u00e9es aux besoins uniques de chaque maison \u00e0 Montr\u00e9al, dans l&rsquo;Ouest-de-l&rsquo;\u00cele, sur la Rive-Sud et \u00e0 Laval. Notre \u00e9quipe d&rsquo;experts certifi\u00e9s est l\u00e0 pour s&rsquo;assurer que votre maison r\u00e9siste aux \u00e9l\u00e9ments gr\u00e2ce \u00e0 des mat\u00e9riaux de pointe et des techniques innovantes.Pourquoi nous choisir ? Expertise certifi\u00e9e : Enti\u00e8rement licenci\u00e9 et assur\u00e9, reconnu par la R\u00e9gie du B\u00e2timent du Qu\u00e9bec (RBQ# 5668-8765-01). Mat\u00e9riaux de qualit\u00e9 : Nous n&rsquo;utilisons que les meilleurs mat\u00e9riaux, comme les membranes SOPREMA et les polym\u00e8res de ciment MAPEI, pour garantir des r\u00e9sultats durables. Pas de retour en arri\u00e8re : Nos r\u00e9sultats parlent d&rsquo;eux-m\u00eames, avec une solide histoire de clients satisfaits et de solutions durables. Si\u00e8ge social Sous-Sols Expert Inc. 9049, Maritain Montr\u00e9al, Qu\u00e9bec H1R3J4 +1 (514) 979-5425 info@soussolsexperts.comObtenir une soumission gratuite Compl\u00e9tez ce formulaire rapide pour recevoir votre devis gratuit sous 24 heures.<div class=\"et_pb_with_border et_pb_module dsm_contact_form_7 dsm_contact_form_7_0\">\n\t\t\t\t\n\t\t\t\t\n\t\t\t\t\n\t\t\t\t\n\t\t\t\t\n\t\t\t\t\n\t\t\t\t<div class=\"et_pb_module_inner\">\n\t\t\t\t\t<div class=\"dsm_contact_form_7_btn_icon\" data-dsm-btn-icon=\"\">\n\t\t\t\t<p class=\"wpcf7-contact-form-not-found\"><strong>Erreur\u00a0:<\/strong> Formulaire de contact non trouv\u00e9\u00a0!<\/p>\n\t\t\t<\/div>\n\t\t\t\t<\/div>\n\t\t\t<\/div><\/p>\n","protected":false},"author":2,"featured_media":0,"parent":0,"menu_order":0,"comment_status":"closed","ping_status":"closed","template":"","meta":{"_et_pb_use_builder":"on","_et_pb_old_content":"","_et_gb_content_width":"","footnotes":""},"class_list":["post-1600","page","type-page","status-publish","hentry"],"yoast_head":"<!-- This site is optimized with the Yoast SEO plugin v27.5 - https:\/\/yoast.com\/product\/yoast-seo-wordpress\/ -->\n<title>Contactez-nous pour des services de fondation \u00e0 Montr\u00e9al<\/title>\n<meta name=\"description\" content=\"Pr\u00eat pour des solutions de fondation expertes \u00e0 Montr\u00e9al ? Prenez contact avec nous pour obtenir un service personnalis\u00e9 et des conseils professionnels sur les besoins de votre projet.\" \/>\n<meta name=\"robots\" content=\"index, follow, max-snippet:-1, max-image-preview:large, max-video-preview:-1\" \/>\n<link rel=\"canonical\" href=\"https:\/\/soussolsexperts.com\/fr\/joignez-nous\/\" \/>\n<meta property=\"og:locale\" content=\"fr_FR\" \/>\n<meta property=\"og:type\" content=\"article\" \/>\n<meta property=\"og:title\" content=\"Contactez-nous pour des services de fondation \u00e0 Montr\u00e9al\" \/>\n<meta property=\"og:description\" content=\"Pr\u00eat pour des solutions de fondation expertes \u00e0 Montr\u00e9al ? Prenez contact avec nous pour obtenir un service personnalis\u00e9 et des conseils professionnels sur les besoins de votre projet.\" \/>\n<meta property=\"og:url\" content=\"https:\/\/soussolsexperts.com\/fr\/joignez-nous\/\" \/>\n<meta property=\"og:site_name\" content=\"Sous-Sols Experts - Grande r\u00e9gion de Montr\u00e9al\" \/>\n<meta property=\"article:modified_time\" content=\"2025-08-09T21:52:22+00:00\" \/>\n<meta name=\"twitter:card\" content=\"summary_large_image\" \/>\n<meta name=\"twitter:label1\" content=\"Dur\u00e9e de lecture estim\u00e9e\" \/>\n\t<meta name=\"twitter:data1\" content=\"6 minutes\" \/>\n<script type=\"application\/ld+json\" class=\"yoast-schema-graph\">{\"@context\":\"https:\\\/\\\/schema.org\",\"@graph\":[{\"@type\":\"WebPage\",\"@id\":\"https:\\\/\\\/soussolsexperts.com\\\/fr\\\/joignez-nous\\\/\",\"url\":\"https:\\\/\\\/soussolsexperts.com\\\/fr\\\/joignez-nous\\\/\",\"name\":\"Contactez-nous pour des services de fondation \u00e0 Montr\u00e9al\",\"isPartOf\":{\"@id\":\"https:\\\/\\\/soussolsexperts.com\\\/fr\\\/#website\"},\"datePublished\":\"2021-04-02T12:34:24+00:00\",\"dateModified\":\"2025-08-09T21:52:22+00:00\",\"description\":\"Pr\u00eat pour des solutions de fondation expertes \u00e0 Montr\u00e9al ? Prenez contact avec nous pour obtenir un service personnalis\u00e9 et des conseils professionnels sur les besoins de votre projet.\",\"breadcrumb\":{\"@id\":\"https:\\\/\\\/soussolsexperts.com\\\/fr\\\/joignez-nous\\\/#breadcrumb\"},\"inLanguage\":\"fr-FR\",\"potentialAction\":[{\"@type\":\"ReadAction\",\"target\":[\"https:\\\/\\\/soussolsexperts.com\\\/fr\\\/joignez-nous\\\/\"]}]},{\"@type\":\"BreadcrumbList\",\"@id\":\"https:\\\/\\\/soussolsexperts.com\\\/fr\\\/joignez-nous\\\/#breadcrumb\",\"itemListElement\":[{\"@type\":\"ListItem\",\"position\":1,\"name\":\"Home\",\"item\":\"https:\\\/\\\/soussolsexperts.com\\\/fr\\\/\"},{\"@type\":\"ListItem\",\"position\":2,\"name\":\"Contactez nous\"}]},{\"@type\":\"WebSite\",\"@id\":\"https:\\\/\\\/soussolsexperts.com\\\/fr\\\/#website\",\"url\":\"https:\\\/\\\/soussolsexperts.com\\\/fr\\\/\",\"name\":\"Sous-Sols Experts - Greater Montreal Area\",\"description\":\"Fondations permanentes et solutions en b\u00e9ton pour votre maison\",\"publisher\":{\"@id\":\"https:\\\/\\\/soussolsexperts.com\\\/fr\\\/#organization\"},\"potentialAction\":[{\"@type\":\"SearchAction\",\"target\":{\"@type\":\"EntryPoint\",\"urlTemplate\":\"https:\\\/\\\/soussolsexperts.com\\\/fr\\\/?s={search_term_string}\"},\"query-input\":{\"@type\":\"PropertyValueSpecification\",\"valueRequired\":true,\"valueName\":\"search_term_string\"}}],\"inLanguage\":\"fr-FR\"},{\"@type\":\"Organization\",\"@id\":\"https:\\\/\\\/soussolsexperts.com\\\/fr\\\/#organization\",\"name\":\"Sous-Sols Experts - Greater Montreal Area\",\"url\":\"https:\\\/\\\/soussolsexperts.com\\\/fr\\\/\",\"logo\":{\"@type\":\"ImageObject\",\"inLanguage\":\"fr-FR\",\"@id\":\"https:\\\/\\\/soussolsexperts.com\\\/fr\\\/#\\\/schema\\\/logo\\\/image\\\/\",\"url\":\"https:\\\/\\\/soussolsexperts.com\\\/wp-content\\\/uploads\\\/2021\\\/04\\\/cropped-logo-ssexperts_h150-b.png\",\"contentUrl\":\"https:\\\/\\\/soussolsexperts.com\\\/wp-content\\\/uploads\\\/2021\\\/04\\\/cropped-logo-ssexperts_h150-b.png\",\"width\":512,\"height\":512,\"caption\":\"Sous-Sols Experts - Greater Montreal Area\"},\"image\":{\"@id\":\"https:\\\/\\\/soussolsexperts.com\\\/fr\\\/#\\\/schema\\\/logo\\\/image\\\/\"}}]}<\/script>\n<!-- \/ Yoast SEO plugin. -->","yoast_head_json":{"title":"Contactez-nous pour des services de fondation \u00e0 Montr\u00e9al","description":"Pr\u00eat pour des solutions de fondation expertes \u00e0 Montr\u00e9al ? Prenez contact avec nous pour obtenir un service personnalis\u00e9 et des conseils professionnels sur les besoins de votre projet.","robots":{"index":"index","follow":"follow","max-snippet":"max-snippet:-1","max-image-preview":"max-image-preview:large","max-video-preview":"max-video-preview:-1"},"canonical":"https:\/\/soussolsexperts.com\/fr\/joignez-nous\/","og_locale":"fr_FR","og_type":"article","og_title":"Contactez-nous pour des services de fondation \u00e0 Montr\u00e9al","og_description":"Pr\u00eat pour des solutions de fondation expertes \u00e0 Montr\u00e9al ? Prenez contact avec nous pour obtenir un service personnalis\u00e9 et des conseils professionnels sur les besoins de votre projet.","og_url":"https:\/\/soussolsexperts.com\/fr\/joignez-nous\/","og_site_name":"Sous-Sols Experts - Grande r\u00e9gion de Montr\u00e9al","article_modified_time":"2025-08-09T21:52:22+00:00","twitter_card":"summary_large_image","twitter_misc":{"Dur\u00e9e de lecture estim\u00e9e":"6 minutes"},"schema":{"@context":"https:\/\/schema.org","@graph":[{"@type":"WebPage","@id":"https:\/\/soussolsexperts.com\/fr\/joignez-nous\/","url":"https:\/\/soussolsexperts.com\/fr\/joignez-nous\/","name":"Contactez-nous pour des services de fondation \u00e0 Montr\u00e9al","isPartOf":{"@id":"https:\/\/soussolsexperts.com\/fr\/#website"},"datePublished":"2021-04-02T12:34:24+00:00","dateModified":"2025-08-09T21:52:22+00:00","description":"Pr\u00eat pour des solutions de fondation expertes \u00e0 Montr\u00e9al ? Prenez contact avec nous pour obtenir un service personnalis\u00e9 et des conseils professionnels sur les besoins de votre projet.","breadcrumb":{"@id":"https:\/\/soussolsexperts.com\/fr\/joignez-nous\/#breadcrumb"},"inLanguage":"fr-FR","potentialAction":[{"@type":"ReadAction","target":["https:\/\/soussolsexperts.com\/fr\/joignez-nous\/"]}]},{"@type":"BreadcrumbList","@id":"https:\/\/soussolsexperts.com\/fr\/joignez-nous\/#breadcrumb","itemListElement":[{"@type":"ListItem","position":1,"name":"Home","item":"https:\/\/soussolsexperts.com\/fr\/"},{"@type":"ListItem","position":2,"name":"Contactez nous"}]},{"@type":"WebSite","@id":"https:\/\/soussolsexperts.com\/fr\/#website","url":"https:\/\/soussolsexperts.com\/fr\/","name":"Sous-Sols Experts - Greater Montreal Area","description":"Fondations permanentes et solutions en b\u00e9ton pour votre maison","publisher":{"@id":"https:\/\/soussolsexperts.com\/fr\/#organization"},"potentialAction":[{"@type":"SearchAction","target":{"@type":"EntryPoint","urlTemplate":"https:\/\/soussolsexperts.com\/fr\/?s={search_term_string}"},"query-input":{"@type":"PropertyValueSpecification","valueRequired":true,"valueName":"search_term_string"}}],"inLanguage":"fr-FR"},{"@type":"Organization","@id":"https:\/\/soussolsexperts.com\/fr\/#organization","name":"Sous-Sols Experts - Greater Montreal Area","url":"https:\/\/soussolsexperts.com\/fr\/","logo":{"@type":"ImageObject","inLanguage":"fr-FR","@id":"https:\/\/soussolsexperts.com\/fr\/#\/schema\/logo\/image\/","url":"https:\/\/soussolsexperts.com\/wp-content\/uploads\/2021\/04\/cropped-logo-ssexperts_h150-b.png","contentUrl":"https:\/\/soussolsexperts.com\/wp-content\/uploads\/2021\/04\/cropped-logo-ssexperts_h150-b.png","width":512,"height":512,"caption":"Sous-Sols Experts - Greater Montreal Area"},"image":{"@id":"https:\/\/soussolsexperts.com\/fr\/#\/schema\/logo\/image\/"}}]}},"_links":{"self":[{"href":"https:\/\/soussolsexperts.com\/fr\/wp-json\/wp\/v2\/pages\/1600","targetHints":{"allow":["GET"]}}],"collection":[{"href":"https:\/\/soussolsexperts.com\/fr\/wp-json\/wp\/v2\/pages"}],"about":[{"href":"https:\/\/soussolsexperts.com\/fr\/wp-json\/wp\/v2\/types\/page"}],"author":[{"embeddable":true,"href":"https:\/\/soussolsexperts.com\/fr\/wp-json\/wp\/v2\/users\/2"}],"replies":[{"embeddable":true,"href":"https:\/\/soussolsexperts.com\/fr\/wp-json\/wp\/v2\/comments?post=1600"}],"version-history":[{"count":5,"href":"https:\/\/soussolsexperts.com\/fr\/wp-json\/wp\/v2\/pages\/1600\/revisions"}],"predecessor-version":[{"id":3516,"href":"https:\/\/soussolsexperts.com\/fr\/wp-json\/wp\/v2\/pages\/1600\/revisions\/3516"}],"wp:attachment":[{"href":"https:\/\/soussolsexperts.com\/fr\/wp-json\/wp\/v2\/media?parent=1600"}],"curies":[{"name":"wp","href":"https:\/\/api.w.org\/{rel}","templated":true}]}}